{"id":1076,"date":"2025-08-26T14:22:57","date_gmt":"2025-08-26T14:22:57","guid":{"rendered":"https:\/\/cumbresantofagasta.cl\/?page_id=1076"},"modified":"2025-09-03T15:50:38","modified_gmt":"2025-09-03T15:50:38","slug":"baseslegales","status":"publish","type":"page","link":"https:\/\/cumbresantofagasta.cl\/index.php\/baseslegales\/","title":{"rendered":"Pol\u00edticas de privacidad"},"content":{"rendered":"\t\t<div data-elementor-type=\"wp-page\" data-elementor-id=\"1076\" class=\"elementor elementor-1076\" data-elementor-post-type=\"page\">\n\t\t\t\t<div class=\"elementor-element elementor-element-3d7b62e e-con-full e-flex e-con e-parent\" data-id=\"3d7b62e\" data-element_type=\"container\">\n\t\t\t\t<div class=\"elementor-element elementor-element-5da77e9 elementor-widget__width-inherit elementor-widget elementor-widget-image\" data-id=\"5da77e9\" data-element_type=\"widget\" data-widget_type=\"image.default\">\n\t\t\t\t<div class=\"elementor-widget-container\">\n\t\t\t\t\t\t\t\t\t\t\t\t\t\t\t<img fetchpriority=\"high\" decoding=\"async\" width=\"1500\" height=\"457\" src=\"https:\/\/cumbresantofagasta.cl\/wp-content\/uploads\/2025\/08\/4757.jpg\" class=\"attachment-2048x2048 size-2048x2048 wp-image-1078\" alt=\"\" srcset=\"https:\/\/cumbresantofagasta.cl\/wp-content\/uploads\/2025\/08\/4757.jpg 1500w, https:\/\/cumbresantofagasta.cl\/wp-content\/uploads\/2025\/08\/4757-300x91.jpg 300w, https:\/\/cumbresantofagasta.cl\/wp-content\/uploads\/2025\/08\/4757-1024x312.jpg 1024w, https:\/\/cumbresantofagasta.cl\/wp-content\/uploads\/2025\/08\/4757-768x234.jpg 768w\" sizes=\"(max-width: 1500px) 100vw, 1500px\" \/>\t\t\t\t\t\t\t\t\t\t\t\t\t\t\t<\/div>\n\t\t\t\t<\/div>\n\t\t\t\t<\/div>\n\t\t<div class=\"elementor-element elementor-element-0e7ad33 e-con-full e-flex e-con e-parent\" data-id=\"0e7ad33\" data-element_type=\"container\">\n\t\t\t\t<div class=\"elementor-element elementor-element-8dffe32 elementor-widget elementor-widget-text-editor\" data-id=\"8dffe32\" data-element_type=\"widget\" data-widget_type=\"text-editor.default\">\n\t\t\t\t<div class=\"elementor-widget-container\">\n\t\t\t\t\t\t\t\t\t<p aria-level=\"1\"><b><span data-contrast=\"auto\">Aviso de Privacidad \u2013 Inmobiliaria Cumbres SpA<\/span><\/b><span data-ccp-props=\"{&quot;134245418&quot;:true,&quot;134245529&quot;:true,&quot;201341983&quot;:0,&quot;335551550&quot;:2,&quot;335551620&quot;:2,&quot;335559738&quot;:480,&quot;335559739&quot;:0,&quot;335559740&quot;:360}\">\u00a0<\/span><\/p><p><span data-ccp-props=\"{}\">\u00a0<\/span><\/p><p><span data-contrast=\"auto\">En cumplimiento de lo dispuesto en la Ley N\u00b0 19.628 sobre Protecci\u00f3n de la Vida Privada y la Ley N\u00b0 19.496 sobre Protecci\u00f3n de los Derechos de los Consumidores, Inmobiliaria Cumbres SpA informa a los titulares de datos personales sobre el tratamiento que se dar\u00e1 a su informaci\u00f3n, as\u00ed como los mecanismos para ejercer sus derechos.<\/span><span data-ccp-props=\"{&quot;201341983&quot;:0,&quot;335551550&quot;:6,&quot;335551620&quot;:6,&quot;335559740&quot;:360}\">\u00a0<\/span><\/p><p><span data-ccp-props=\"{&quot;201341983&quot;:0,&quot;335551550&quot;:6,&quot;335551620&quot;:6,&quot;335559740&quot;:360}\">\u00a0<\/span><\/p><p aria-level=\"2\"><b><span data-contrast=\"auto\">I. Responsable del tratamiento<\/span><\/b><span data-ccp-props=\"{&quot;134245418&quot;:true,&quot;134245529&quot;:true,&quot;201341983&quot;:0,&quot;335551550&quot;:6,&quot;335551620&quot;:6,&quot;335559738&quot;:200,&quot;335559739&quot;:0,&quot;335559740&quot;:360}\">\u00a0<\/span><\/p><p><span data-contrast=\"auto\">El responsable del tratamiento de sus datos personales es Inmobiliaria Cumbres SpA, con domicilio en calle Cerro Colorado 5030, oficina 803, Comuna de Las Condes, Santiago, correo electr\u00f3nico de contacto <\/span><a href=\"mailto:kvohringer@mdai.cl\"><span data-contrast=\"none\">kvohringer@mdai.cl<\/span><\/a><span data-contrast=\"auto\"> .\u00a0<\/span><span data-ccp-props=\"{&quot;201341983&quot;:0,&quot;335551550&quot;:6,&quot;335551620&quot;:6,&quot;335559740&quot;:360}\">\u00a0<\/span><\/p><p><span data-ccp-props=\"{&quot;201341983&quot;:0,&quot;335551550&quot;:6,&quot;335551620&quot;:6,&quot;335559740&quot;:360}\">\u00a0<\/span><\/p><p aria-level=\"2\"><b><span data-contrast=\"auto\">II. Datos Personales<\/span><\/b><span data-ccp-props=\"{&quot;134245418&quot;:true,&quot;134245529&quot;:true,&quot;201341983&quot;:0,&quot;335551550&quot;:6,&quot;335551620&quot;:6,&quot;335559738&quot;:200,&quot;335559739&quot;:0,&quot;335559740&quot;:360}\">\u00a0<\/span><\/p><p aria-level=\"2\"><span data-contrast=\"auto\">Inmobiliaria Cumbres SpA recaba las siguientes categor\u00edas de Datos Personales:<\/span><span data-ccp-props=\"{&quot;134245418&quot;:true,&quot;134245529&quot;:true,&quot;201341983&quot;:0,&quot;335551550&quot;:6,&quot;335551620&quot;:6,&quot;335559738&quot;:200,&quot;335559739&quot;:0,&quot;335559740&quot;:360}\">\u00a0<\/span><\/p><p aria-level=\"2\"><span data-contrast=\"auto\">Identificaci\u00f3n;<\/span><span data-ccp-props=\"{&quot;134245418&quot;:true,&quot;134245529&quot;:true,&quot;201341983&quot;:0,&quot;335551550&quot;:6,&quot;335551620&quot;:6,&quot;335559738&quot;:200,&quot;335559739&quot;:0,&quot;335559740&quot;:360}\">\u00a0<\/span><\/p><p aria-level=\"2\"><span data-contrast=\"auto\">Contacto;<\/span><span data-ccp-props=\"{&quot;134245418&quot;:true,&quot;134245529&quot;:true,&quot;201341983&quot;:0,&quot;335551550&quot;:6,&quot;335551620&quot;:6,&quot;335559738&quot;:200,&quot;335559739&quot;:0,&quot;335559740&quot;:360}\">\u00a0<\/span><\/p><p aria-level=\"2\"><span data-contrast=\"auto\">Datos fiscales;<\/span><span data-ccp-props=\"{&quot;134245418&quot;:true,&quot;134245529&quot;:true,&quot;201341983&quot;:0,&quot;335551550&quot;:6,&quot;335551620&quot;:6,&quot;335559738&quot;:200,&quot;335559739&quot;:0,&quot;335559740&quot;:360}\">\u00a0<\/span><\/p><p aria-level=\"2\"><span data-contrast=\"auto\">Datos patrimoniales o financieros;<\/span><span data-ccp-props=\"{&quot;134245418&quot;:true,&quot;134245529&quot;:true,&quot;201341983&quot;:0,&quot;335551550&quot;:6,&quot;335551620&quot;:6,&quot;335559738&quot;:200,&quot;335559739&quot;:0,&quot;335559740&quot;:360}\">\u00a0<\/span><\/p><p aria-level=\"2\"><span data-contrast=\"auto\">Tambi\u00e9n recabamos im\u00e1genes y documentos que soporten los Datos Personales anteriores.<\/span><span data-ccp-props=\"{&quot;134245418&quot;:true,&quot;134245529&quot;:true,&quot;201341983&quot;:0,&quot;335551550&quot;:6,&quot;335551620&quot;:6,&quot;335559738&quot;:200,&quot;335559739&quot;:0,&quot;335559740&quot;:360}\">\u00a0<\/span><\/p><p aria-level=\"2\"><b><span data-contrast=\"auto\">III Finalidad del tratamiento<\/span><\/b><span data-ccp-props=\"{&quot;134245418&quot;:true,&quot;134245529&quot;:true,&quot;201341983&quot;:0,&quot;335551550&quot;:6,&quot;335551620&quot;:6,&quot;335559738&quot;:200,&quot;335559739&quot;:0,&quot;335559740&quot;:360}\">\u00a0<\/span><\/p><p><span data-contrast=\"auto\">Los datos personales recolectados ser\u00e1n utilizados \u00fanicamente para fines relacionados con la gesti\u00f3n comercial y contractual de proyectos inmobiliarios de Inmobiliaria Cumbres SpA, incluyendo procesos de reserva, promesa de compraventa, compraventa, postventa, garant\u00edas legales y comunicaciones relativas a dichos fines.<\/span><span data-ccp-props=\"{&quot;201341983&quot;:0,&quot;335551550&quot;:6,&quot;335551620&quot;:6,&quot;335559740&quot;:360}\">\u00a0<\/span><\/p><p aria-level=\"2\"><b><span data-contrast=\"auto\">IV. Base legal del tratamiento<\/span><\/b><span data-ccp-props=\"{&quot;134245418&quot;:true,&quot;134245529&quot;:true,&quot;201341983&quot;:0,&quot;335551550&quot;:6,&quot;335551620&quot;:6,&quot;335559738&quot;:200,&quot;335559739&quot;:0,&quot;335559740&quot;:360}\">\u00a0<\/span><\/p><p><span data-contrast=\"auto\">El tratamiento de datos se efectuar\u00e1 conforme a lo establecido en la Ley N\u00b0 19.628 y dem\u00e1s normativa aplicable, sobre la base del consentimiento otorgado por el titular o de las excepciones que la ley contempla.<\/span><span data-ccp-props=\"{&quot;201341983&quot;:0,&quot;335551550&quot;:6,&quot;335551620&quot;:6,&quot;335559740&quot;:360}\">\u00a0<\/span><\/p><p aria-level=\"2\"><b><span data-contrast=\"auto\">V. Conservaci\u00f3n de los datos<\/span><\/b><span data-ccp-props=\"{&quot;134245418&quot;:true,&quot;134245529&quot;:true,&quot;201341983&quot;:0,&quot;335551550&quot;:6,&quot;335551620&quot;:6,&quot;335559738&quot;:200,&quot;335559739&quot;:0,&quot;335559740&quot;:360}\">\u00a0<\/span><\/p><p><span data-contrast=\"auto\">Los datos ser\u00e1n conservados durante la vigencia de la relaci\u00f3n contractual con el titular y, en su caso, por los plazos establecidos en la Ley General de Urbanismo y Construcciones y en la Ley N\u00b0 20.016 respecto de plazos de garant\u00eda. Cumplidos dichos plazos, los datos ser\u00e1n eliminados o anonimizados, salvo obligaci\u00f3n legal de conservaci\u00f3n.<\/span><span data-ccp-props=\"{&quot;201341983&quot;:0,&quot;335551550&quot;:6,&quot;335551620&quot;:6,&quot;335559740&quot;:360}\">\u00a0<\/span><\/p><p aria-level=\"2\"><b><span data-contrast=\"auto\">VI. Transferencia de datos<\/span><\/b><span data-ccp-props=\"{&quot;134245418&quot;:true,&quot;134245529&quot;:true,&quot;201341983&quot;:0,&quot;335551550&quot;:6,&quot;335551620&quot;:6,&quot;335559738&quot;:200,&quot;335559739&quot;:0,&quot;335559740&quot;:360}\">\u00a0<\/span><\/p><p><span data-contrast=\"auto\">Los datos personales podr\u00e1n ser compartidos \u00fanicamente con terceros que presten servicios vinculados a la gesti\u00f3n inmobiliaria de Inmobiliaria Cumbres SpA, siempre en el marco de la finalidad declarada y con el debido deber de confidencialidad. En caso de transferencias de datos a terceros ubicados en el extranjero, Inmobiliaria Cumbres SpA adoptar\u00e1 medidas razonables para asegurar un nivel adecuado de protecci\u00f3n.<\/span><span data-ccp-props=\"{&quot;201341983&quot;:0,&quot;335551550&quot;:6,&quot;335551620&quot;:6,&quot;335559740&quot;:360}\">\u00a0<\/span><\/p><p aria-level=\"2\"><b><span data-contrast=\"auto\">VII. Derechos del titular<\/span><\/b><span data-ccp-props=\"{&quot;134245418&quot;:true,&quot;134245529&quot;:true,&quot;201341983&quot;:0,&quot;335551550&quot;:6,&quot;335551620&quot;:6,&quot;335559738&quot;:200,&quot;335559739&quot;:0,&quot;335559740&quot;:360}\">\u00a0<\/span><\/p><p><span data-contrast=\"auto\">De acuerdo con la Ley N\u00b0 19.628, usted tiene derecho a acceder a los datos personales que obren en poder de Inmobiliaria Cumbres SpA, solicitar su rectificaci\u00f3n, cancelaci\u00f3n o bloqueo cuando estos sean err\u00f3neos, inexactos o desactualizados, as\u00ed como oponerse a su tratamiento en los casos que la ley lo permita.<\/span><span data-ccp-props=\"{&quot;201341983&quot;:0,&quot;335551550&quot;:6,&quot;335551620&quot;:6,&quot;335559740&quot;:360}\">\u00a0<\/span><\/p><p><span data-contrast=\"auto\">Para ejercer estos derechos o revocar su consentimiento, puede presentar una solicitud al correo electr\u00f3nico kvohringer@mdai.cl o en el domicilio se\u00f1alado al inicio de este Aviso. Inmobiliaria Cumbres SpA se compromete a dar respuesta en un plazo m\u00e1ximo de 20 d\u00edas h\u00e1biles, salvo circunstancias justificadas que requieran un plazo mayor, lo que ser\u00e1 oportunamente informado.<\/span><span data-ccp-props=\"{&quot;201341983&quot;:0,&quot;335551550&quot;:6,&quot;335551620&quot;:6,&quot;335559740&quot;:360}\">\u00a0<\/span><\/p><p aria-level=\"2\"><b><span data-contrast=\"auto\">VIII. Seguridad de los datos<\/span><\/b><span data-ccp-props=\"{&quot;134245418&quot;:true,&quot;134245529&quot;:true,&quot;201341983&quot;:0,&quot;335551550&quot;:6,&quot;335551620&quot;:6,&quot;335559738&quot;:200,&quot;335559739&quot;:0,&quot;335559740&quot;:360}\">\u00a0<\/span><\/p><p><span data-contrast=\"auto\">Inmobiliaria Cumbres SpA adopta medidas de seguridad t\u00e9cnicas, administrativas y organizativas razonables para proteger los datos personales contra p\u00e9rdida, acceso no autorizado, alteraci\u00f3n o divulgaci\u00f3n indebida.<\/span><span data-ccp-props=\"{&quot;201341983&quot;:0,&quot;335551550&quot;:6,&quot;335551620&quot;:6,&quot;335559740&quot;:360}\">\u00a0<\/span><\/p><p aria-level=\"2\"><b><span data-contrast=\"auto\">IX. Actualizaci\u00f3n del aviso<\/span><\/b><span data-ccp-props=\"{&quot;134245418&quot;:true,&quot;134245529&quot;:true,&quot;201341983&quot;:0,&quot;335551550&quot;:6,&quot;335551620&quot;:6,&quot;335559738&quot;:200,&quot;335559739&quot;:0,&quot;335559740&quot;:360}\">\u00a0<\/span><\/p><p><span data-contrast=\"auto\">Inmobiliaria Cumbres SpA podr\u00e1 modificar el presente Aviso de Privacidad con el objeto de adaptarlo a cambios normativos, jurisprudenciales o a nuevas pr\u00e1cticas de tratamiento de datos. Toda modificaci\u00f3n ser\u00e1 debidamente informada.<\/span><span data-ccp-props=\"{&quot;201341983&quot;:0,&quot;335551550&quot;:6,&quot;335551620&quot;:6,&quot;335559740&quot;:360}\">\u00a0<\/span><\/p><p><span data-ccp-props=\"{&quot;201341983&quot;:0,&quot;335551550&quot;:6,&quot;335551620&quot;:6,&quot;335559740&quot;:360}\">\u00a0<\/span><\/p><ol><li><b><\/b> <b><span data-contrast=\"auto\">Si Desea Dejar De Recibir Informaci\u00f3n Promocional<\/span><\/b><\/li><\/ol><p><span data-contrast=\"auto\">Asimismo, si usted est\u00e1 inscrito en nuestro bolet\u00edn de noticias electr\u00f3nico y desea dejar de recibir informaci\u00f3n promocional v\u00eda correo electr\u00f3nico sobre nuestros productos y servicios puede desactivar la opci\u00f3n de Suscripci\u00f3n General ingresando a \u201cMi Cuenta\u201d seleccionando en Panel de control la secci\u00f3n Informaci\u00f3n de Cuenta e ingresando en Editar. Ah\u00ed deber\u00e1 dar \u201cclick\u201d en la casilla de Suscripci\u00f3n General para que quede sin marca y dar click en el bot\u00f3n de guardar.<\/span><span data-ccp-props=\"{&quot;201341983&quot;:0,&quot;335551550&quot;:6,&quot;335551620&quot;:6,&quot;335559740&quot;:360}\">\u00a0<\/span><\/p><p><span data-contrast=\"auto\">Tambi\u00e9n puede ingresar a \u201cMi cuenta\u201d y en la opci\u00f3n de men\u00fa Suscripciones al Newsletter podr\u00e1 desactivar la opci\u00f3n de Suscripci\u00f3n General.<\/span><span data-ccp-props=\"{&quot;201341983&quot;:0,&quot;335551550&quot;:6,&quot;335551620&quot;:6,&quot;335559740&quot;:360}\">\u00a0<\/span><\/p><p><span data-contrast=\"auto\">Si usted ha recibido un correo electr\u00f3nico de noticias o newsletter puede seleccionar la opci\u00f3n \u201cunsubscribe from this list\u201d, y de esa \u00fanica forma, poder darse de baja de su registro y no recibir m\u00e1s informaci\u00f3n promocional, y, en el momento en que lo desee, puede volver a suscribirse.<\/span><span data-ccp-props=\"{&quot;201341983&quot;:0,&quot;335551550&quot;:6,&quot;335551620&quot;:6,&quot;335559740&quot;:360}\">\u00a0<\/span><\/p><p><span data-contrast=\"auto\">Su solicitud para dejar de recibir informaci\u00f3n promocional ser\u00e1 atendida dentro de los plazos citados m\u00e1s arriba en este apartado del Aviso. Nuestra respuesta le ser\u00e1 comunicada en el correo electr\u00f3nico o a trav\u00e9s del medio que usted nos haya indicado.<\/span><span data-ccp-props=\"{&quot;201341983&quot;:0,&quot;335551550&quot;:6,&quot;335551620&quot;:6,&quot;335559740&quot;:360}\">\u00a0<\/span><\/p><p><span data-ccp-props=\"{&quot;201341983&quot;:0,&quot;335551550&quot;:6,&quot;335551620&quot;:6,&quot;335559740&quot;:360}\">\u00a0<\/span><\/p><ol><li><b><span data-contrast=\"auto\">XI. Cookies Y Web Beacons.<\/span><\/b><\/li><\/ol><p><span data-contrast=\"auto\">\u00a0Nuestro sitio de internet utiliza tecnolog\u00edas de cookies que combinados permiten obtener de manera autom\u00e1tica y simult\u00e1nea mientras usted navega en nuestros sitios, informaci\u00f3n de su comportamiento o sus preferencias. Si usted desea restringir o eliminar las cookies de nuestro Sitio web, por favor elija la opci\u00f3n adecuada en la configuraci\u00f3n de su navegador de internet. La funci\u00f3n de Ayuda le indicar\u00e1 c\u00f3mo hacerlo. Por favor considere que no permitir o eliminar el uso de las cookies puede impedir que utilice nuestro Sitio con todas sus funciones.<\/span><span data-ccp-props=\"{&quot;201341983&quot;:0,&quot;335551550&quot;:6,&quot;335551620&quot;:6,&quot;335559740&quot;:360}\">\u00a0<\/span><\/p><p><span data-ccp-props=\"{&quot;201341983&quot;:0,&quot;335551550&quot;:6,&quot;335551620&quot;:6,&quot;335559740&quot;:360}\">\u00a0<\/span><\/p><p><b><span data-contrast=\"auto\">XII. Contacto.<\/span><\/b><span data-ccp-props=\"{&quot;201341983&quot;:0,&quot;335551550&quot;:6,&quot;335551620&quot;:6,&quot;335559740&quot;:360}\">\u00a0<\/span><\/p><p><span data-contrast=\"auto\">\u00a0Para conocer m\u00e1s sobre c\u00f3mo puede ejercer los derechos descritos o si tiene alguna duda sobre el procedimiento para ejercer dichos derechos o sobre c\u00f3mo limitar el uso o divulgaci\u00f3n de sus Datos Personales, por favor contacte a nuestro Encargado del \u00c1rea de Protecci\u00f3n de Datos Personales a trav\u00e9s de los siguientes medios:<\/span><span data-ccp-props=\"{&quot;201341983&quot;:0,&quot;335551550&quot;:6,&quot;335551620&quot;:6,&quot;335559740&quot;:360}\">\u00a0<\/span><\/p><p><span data-ccp-props=\"{&quot;201341983&quot;:0,&quot;335551550&quot;:6,&quot;335551620&quot;:6,&quot;335559740&quot;:360}\">\u00a0<\/span><\/p><p><span data-contrast=\"auto\">Por correo electr\u00f3nico a: kvohringer@mdai.cl.<\/span><span data-ccp-props=\"{&quot;201341983&quot;:0,&quot;335551550&quot;:6,&quot;335551620&quot;:6,&quot;335559740&quot;:360}\">\u00a0<\/span><\/p><p><span data-contrast=\"auto\">Por tel\u00e9fono al: 227919700<\/span><span data-ccp-props=\"{&quot;201341983&quot;:0,&quot;335551550&quot;:6,&quot;335551620&quot;:6,&quot;335559740&quot;:360}\">\u00a0<\/span><\/p><p><span data-ccp-props=\"{&quot;335551550&quot;:6,&quot;335551620&quot;:6}\">\u00a0<\/span><\/p>\t\t\t\t\t\t\t\t<\/div>\n\t\t\t\t<\/div>\n\t\t\t\t<\/div>\n\t\t\t\t<\/div>\n\t\t","protected":false},"excerpt":{"rendered":"<p>Aviso de Privacidad \u2013 Inmobiliaria Cumbres SpA\u00a0 \u00a0 En cumplimiento de lo dispuesto en la Ley N\u00b0 19.628 sobre Protecci\u00f3n de la Vida Privada y la Ley N\u00b0 19.496 sobre Protecci\u00f3n de los Derechos de los Consumidores, Inmobiliaria Cumbres SpA informa a los titulares de datos personales sobre el tratamiento que se dar\u00e1 a su [&hellip;]<\/p>\n","protected":false},"author":1,"featured_media":0,"parent":0,"menu_order":0,"comment_status":"closed","ping_status":"closed","template":"elementor_canvas","meta":{"footnotes":""},"class_list":["post-1076","page","type-page","status-publish","hentry"],"_links":{"self":[{"href":"https:\/\/cumbresantofagasta.cl\/index.php\/wp-json\/wp\/v2\/pages\/1076","targetHints":{"allow":["GET"]}}],"collection":[{"href":"https:\/\/cumbresantofagasta.cl\/index.php\/wp-json\/wp\/v2\/pages"}],"about":[{"href":"https:\/\/cumbresantofagasta.cl\/index.php\/wp-json\/wp\/v2\/types\/page"}],"author":[{"embeddable":true,"href":"https:\/\/cumbresantofagasta.cl\/index.php\/wp-json\/wp\/v2\/users\/1"}],"replies":[{"embeddable":true,"href":"https:\/\/cumbresantofagasta.cl\/index.php\/wp-json\/wp\/v2\/comments?post=1076"}],"version-history":[{"count":26,"href":"https:\/\/cumbresantofagasta.cl\/index.php\/wp-json\/wp\/v2\/pages\/1076\/revisions"}],"predecessor-version":[{"id":1784,"href":"https:\/\/cumbresantofagasta.cl\/index.php\/wp-json\/wp\/v2\/pages\/1076\/revisions\/1784"}],"wp:attachment":[{"href":"https:\/\/cumbresantofagasta.cl\/index.php\/wp-json\/wp\/v2\/media?parent=1076"}],"curies":[{"name":"wp","href":"https:\/\/api.w.org\/{rel}","templated":true}]}}