{"id":1785,"date":"2025-09-03T15:54:57","date_gmt":"2025-09-03T15:54:57","guid":{"rendered":"https:\/\/cumbresantofagasta.cl\/?page_id=1785"},"modified":"2025-09-03T16:15:43","modified_gmt":"2025-09-03T16:15:43","slug":"avisolegal","status":"publish","type":"page","link":"https:\/\/cumbresantofagasta.cl\/index.php\/avisolegal\/","title":{"rendered":"Aviso legal"},"content":{"rendered":"\t\t<div data-elementor-type=\"wp-page\" data-elementor-id=\"1785\" class=\"elementor elementor-1785\" data-elementor-post-type=\"page\">\n\t\t\t\t<div class=\"elementor-element elementor-element-88331ea e-con-full e-flex e-con e-parent\" data-id=\"88331ea\" data-element_type=\"container\">\n\t\t\t\t<div class=\"elementor-element elementor-element-4c4f725 elementor-widget elementor-widget-image\" data-id=\"4c4f725\" data-element_type=\"widget\" data-widget_type=\"image.default\">\n\t\t\t\t<div class=\"elementor-widget-container\">\n\t\t\t\t\t\t\t\t\t\t\t\t\t\t\t<img fetchpriority=\"high\" decoding=\"async\" width=\"1500\" height=\"457\" src=\"https:\/\/cumbresantofagasta.cl\/wp-content\/uploads\/2025\/09\/4752.jpg\" class=\"attachment-full size-full wp-image-1793\" alt=\"\" srcset=\"https:\/\/cumbresantofagasta.cl\/wp-content\/uploads\/2025\/09\/4752.jpg 1500w, https:\/\/cumbresantofagasta.cl\/wp-content\/uploads\/2025\/09\/4752-300x91.jpg 300w, https:\/\/cumbresantofagasta.cl\/wp-content\/uploads\/2025\/09\/4752-1024x312.jpg 1024w, https:\/\/cumbresantofagasta.cl\/wp-content\/uploads\/2025\/09\/4752-768x234.jpg 768w\" sizes=\"(max-width: 1500px) 100vw, 1500px\" \/>\t\t\t\t\t\t\t\t\t\t\t\t\t\t\t<\/div>\n\t\t\t\t<\/div>\n\t\t\t\t<\/div>\n\t\t<div class=\"elementor-element elementor-element-eb843ed e-con-full e-flex e-con e-parent\" data-id=\"eb843ed\" data-element_type=\"container\">\n\t\t\t\t<div class=\"elementor-element elementor-element-7cdfb82 elementor-widget elementor-widget-text-editor\" data-id=\"7cdfb82\" data-element_type=\"widget\" data-widget_type=\"text-editor.default\">\n\t\t\t\t<div class=\"elementor-widget-container\">\n\t\t\t\t\t\t\t\t\t<p><b><span data-contrast=\"auto\">AVISO LEGAL \u2013 PROYECTO INMOBILIARIO<\/span><\/b><span data-ccp-props=\"{&quot;335551550&quot;:2,&quot;335551620&quot;:2}\">\u00a0<\/span><\/p><p><span data-ccp-props=\"{&quot;335551550&quot;:6,&quot;335551620&quot;:6}\">\u00a0<\/span><\/p><p><b><span data-contrast=\"auto\">Im\u00e1genes y superficies<\/span><\/b><span data-ccp-props=\"{&quot;335551550&quot;:6,&quot;335551620&quot;:6,&quot;335559739&quot;:0}\">\u00a0<\/span><\/p><p><span data-contrast=\"auto\">Todas las im\u00e1genes, planos y vistas mostradas en este sitio son referenciales e ilustrativas, y no constituyen una representaci\u00f3n exacta de la realidad. Las superficies y dimensiones indicadas son aproximadas y podr\u00e1n variar conforme al desarrollo del proyecto.<\/span><span data-ccp-props=\"{&quot;335551550&quot;:6,&quot;335551620&quot;:6,&quot;335559739&quot;:0}\">\u00a0<\/span><\/p><p><span data-ccp-props=\"{&quot;335551550&quot;:6,&quot;335551620&quot;:6,&quot;335559739&quot;:0}\">\u00a0<\/span><\/p><p><b><span data-contrast=\"auto\">Precios y financiamiento<\/span><\/b><span data-ccp-props=\"{&quot;335551550&quot;:6,&quot;335551620&quot;:6,&quot;335559739&quot;:0}\">\u00a0<\/span><\/p><p><span data-contrast=\"auto\">Los precios publicados est\u00e1n expresados en Unidades de Fomento (UF) y podr\u00e1n variar de acuerdo con la disponibilidad de las unidades y al valor de la UF vigente a la fecha de la escritura. Los valores no incluyen gastos de escrituraci\u00f3n, inscripci\u00f3n en el Conservador de Bienes Ra\u00edces, impuestos, tasaci\u00f3n ni otros gastos asociados a la operaci\u00f3n.<\/span><span data-ccp-props=\"{&quot;335551550&quot;:6,&quot;335551620&quot;:6,&quot;335559739&quot;:0}\">\u00a0<\/span><\/p><p><span data-contrast=\"auto\">La simulaci\u00f3n de cr\u00e9ditos hipotecarios publicada es solo referencial. La aprobaci\u00f3n y condiciones de financiamiento dependen exclusivamente de cada instituci\u00f3n financiera.<\/span><span data-ccp-props=\"{&quot;335551550&quot;:6,&quot;335551620&quot;:6}\">\u00a0<\/span><\/p><p><b><span data-contrast=\"auto\">Responsabilidad del Promitente Comprador en la Gesti\u00f3n de Subsidios y Cr\u00e9ditos<\/span><\/b><span data-ccp-props=\"{&quot;335551550&quot;:6,&quot;335551620&quot;:6,&quot;335559739&quot;:0}\">\u00a0<\/span><\/p><p><span data-contrast=\"auto\">Conforme a lo establecido en la Ley N\u00b0 19.496 sobre Protecci\u00f3n de los Derechos de los Consumidores, se informa que la gesti\u00f3n, aprobaci\u00f3n o rechazo de subsidios habitacionales y\/o cr\u00e9ditos hipotecarios ser\u00e1 de exclusiva responsabilidad y costo del promitente comprador.<\/span><span data-ccp-props=\"{&quot;335551550&quot;:6,&quot;335551620&quot;:6,&quot;335559739&quot;:0}\">\u00a0<\/span><\/p><p><span data-contrast=\"auto\">Esta gesti\u00f3n no constituye condici\u00f3n del contrato de promesa de compraventa, ni habilita al comprador para excusarse del cumplimiento de las obligaciones pactadas. El promitente comprador deber\u00e1 informarse de manera responsable sobre los requisitos y condiciones de acceso a estos beneficios, tal como lo exige el art\u00edculo 3 de la ley.<\/span><span data-ccp-props=\"{&quot;335551550&quot;:6,&quot;335551620&quot;:6}\">\u00a0<\/span><\/p><p><span data-contrast=\"auto\">La no obtenci\u00f3n del subsidio y\/o cr\u00e9dito ser\u00e1 considerada como un incumplimiento grave del contrato, sin perjuicio de los derechos irrenunciables que la ley otorga al consumidor, y en respeto al principio de buena fe contractual.<\/span><span data-ccp-props=\"{&quot;335551550&quot;:6,&quot;335551620&quot;:6}\">\u00a0<\/span><\/p><p><span data-ccp-props=\"{&quot;335551550&quot;:6,&quot;335551620&quot;:6,&quot;335559739&quot;:0}\">\u00a0<\/span><\/p><p><b><span data-contrast=\"auto\">Entrega de las unidades<\/span><\/b><span data-ccp-props=\"{&quot;335551550&quot;:6,&quot;335551620&quot;:6,&quot;335559739&quot;:0}\">\u00a0<\/span><\/p><p><span data-contrast=\"auto\">Las fechas de entrega informadas en este sitio son referenciales, y est\u00e1n sujetas a la recepci\u00f3n final municipal del proyecto. La entrega material de las unidades se efectuar\u00e1 una vez cumplidas las condiciones establecidas en el contrato de compraventa definitivo.<\/span><span data-ccp-props=\"{&quot;335551550&quot;:6,&quot;335551620&quot;:6,&quot;335559739&quot;:0}\">\u00a0<\/span><\/p><p><span data-ccp-props=\"{&quot;335551550&quot;:6,&quot;335551620&quot;:6}\">\u00a0<\/span><\/p><p><b><span data-contrast=\"auto\">Gastos operacionales<\/span><\/b><span data-ccp-props=\"{&quot;335551550&quot;:6,&quot;335551620&quot;:6,&quot;335559739&quot;:0}\">\u00a0<\/span><\/p><p><span data-contrast=\"auto\">Los gastos operacionales de la compraventa (tasaci\u00f3n, estudio de t\u00edtulos, notar\u00eda, inscripci\u00f3n en el Conservador de Bienes Ra\u00edces, impuesto al mutuo si correspondiere, entre otros) ser\u00e1n de cargo exclusivo del comprador.<\/span><span data-ccp-props=\"{&quot;335551550&quot;:6,&quot;335551620&quot;:6,&quot;335559739&quot;:0}\">\u00a0<\/span><\/p><p><span data-ccp-props=\"{&quot;335551550&quot;:6,&quot;335551620&quot;:6,&quot;335559739&quot;:0}\">\u00a0<\/span><\/p><p><span data-ccp-props=\"{&quot;335551550&quot;:6,&quot;335551620&quot;:6,&quot;335559739&quot;:0}\">\u00a0<\/span><\/p><p><span data-ccp-props=\"{&quot;335551550&quot;:6,&quot;335551620&quot;:6,&quot;335559739&quot;:0}\">\u00a0<\/span><\/p><p><b><span data-contrast=\"auto\">Copropiedad inmobiliaria<\/span><\/b><span data-ccp-props=\"{&quot;335551550&quot;:6,&quot;335551620&quot;:6,&quot;335559739&quot;:0}\">\u00a0<\/span><\/p><p><span data-contrast=\"auto\">En el caso de proyectos acogidos a la Ley N\u00b021.442 sobre Copropiedad Inmobiliaria, se podr\u00e1 cobrar una cuota de inicio destinada a financiar la puesta en marcha de la administraci\u00f3n provisoria del condominio, la cual se transferir\u00e1 a nombre del comprador y ser\u00e1 administrada conforme al reglamento de copropiedad.<\/span><span data-ccp-props=\"{&quot;335551550&quot;:6,&quot;335551620&quot;:6,&quot;335559739&quot;:0}\">\u00a0<\/span><\/p><p><span data-ccp-props=\"{&quot;335551550&quot;:6,&quot;335551620&quot;:6,&quot;335559739&quot;:0}\">\u00a0<\/span><\/p><p><b><span data-contrast=\"auto\">Postventa y garant\u00edas legales<\/span><\/b><span data-ccp-props=\"{&quot;335551550&quot;:6,&quot;335551620&quot;:6,&quot;335559739&quot;:0}\">\u00a0<\/span><\/p><p><span data-contrast=\"auto\">Desde la entrega de la propiedad, el comprador cuenta con las garant\u00edas establecidas en la Ley N\u00b020.016 y la Ley General de Urbanismo y Construcciones, que cubre:<\/span><span data-ccp-props=\"{&quot;335551550&quot;:6,&quot;335551620&quot;:6,&quot;335559739&quot;:0}\">\u00a0<\/span><\/p><ul><li aria-setsize=\"-1\" data-leveltext=\"\uf0b7\" data-font=\"Symbol\" data-listid=\"10\" data-list-defn-props=\"{&quot;335552541&quot;:1,&quot;335559685&quot;:720,&quot;335559991&quot;:360,&quot;469769226&quot;:&quot;Symbol&quot;,&quot;469769242&quot;:[8226],&quot;469777803&quot;:&quot;left&quot;,&quot;469777804&quot;:&quot;\uf0b7&quot;,&quot;469777815&quot;:&quot;hybridMultilevel&quot;}\" data-aria-posinset=\"1\" data-aria-level=\"1\"><span data-contrast=\"auto\">3 a\u00f1os para fallas en terminaciones.<\/span><span data-ccp-props=\"{&quot;335551550&quot;:6,&quot;335551620&quot;:6}\">\u00a0<\/span><\/li><\/ul><ul><li aria-setsize=\"-1\" data-leveltext=\"\uf0b7\" data-font=\"Symbol\" data-listid=\"10\" data-list-defn-props=\"{&quot;335552541&quot;:1,&quot;335559685&quot;:720,&quot;335559991&quot;:360,&quot;469769226&quot;:&quot;Symbol&quot;,&quot;469769242&quot;:[8226],&quot;469777803&quot;:&quot;left&quot;,&quot;469777804&quot;:&quot;\uf0b7&quot;,&quot;469777815&quot;:&quot;hybridMultilevel&quot;}\" data-aria-posinset=\"2\" data-aria-level=\"1\"><span data-contrast=\"auto\">5 a\u00f1os para fallas en elementos constructivos e instalaciones.<\/span><span data-ccp-props=\"{&quot;335551550&quot;:6,&quot;335551620&quot;:6}\">\u00a0<\/span><\/li><\/ul><ul><li aria-setsize=\"-1\" data-leveltext=\"\uf0b7\" data-font=\"Symbol\" data-listid=\"10\" data-list-defn-props=\"{&quot;335552541&quot;:1,&quot;335559685&quot;:720,&quot;335559991&quot;:360,&quot;469769226&quot;:&quot;Symbol&quot;,&quot;469769242&quot;:[8226],&quot;469777803&quot;:&quot;left&quot;,&quot;469777804&quot;:&quot;\uf0b7&quot;,&quot;469777815&quot;:&quot;hybridMultilevel&quot;}\" data-aria-posinset=\"3\" data-aria-level=\"1\"><span data-contrast=\"auto\">10 a\u00f1os para fallas que afecten a la estructura soportante del inmueble.<\/span><span data-ccp-props=\"{&quot;335551550&quot;:6,&quot;335551620&quot;:6}\">\u00a0<\/span><\/li><\/ul><p><span data-ccp-props=\"{&quot;335551550&quot;:6,&quot;335551620&quot;:6}\">\u00a0<\/span><\/p><p><span data-contrast=\"auto\">La asistencia de postventa cubre \u00fanicamente defectos originados en el proceso constructivo. Se excluyen los da\u00f1os derivados de uso indebido, falta de mantenci\u00f3n o desgaste natural. Las garant\u00edas de artefactos y equipos corresponden directamente a sus respectivos proveedores o servicios t\u00e9cnicos autorizados.<\/span><span data-ccp-props=\"{&quot;335551550&quot;:6,&quot;335551620&quot;:6}\">\u00a0<\/span><\/p>\t\t\t\t\t\t\t\t<\/div>\n\t\t\t\t<\/div>\n\t\t\t\t<\/div>\n\t\t\t\t<\/div>\n\t\t","protected":false},"excerpt":{"rendered":"<p>AVISO LEGAL \u2013 PROYECTO INMOBILIARIO\u00a0 \u00a0 Im\u00e1genes y superficies\u00a0 Todas las im\u00e1genes, planos y vistas mostradas en este sitio son referenciales e ilustrativas, y no constituyen una representaci\u00f3n exacta de la realidad. Las superficies y dimensiones indicadas son aproximadas y podr\u00e1n variar conforme al desarrollo del proyecto.\u00a0 \u00a0 Precios y financiamiento\u00a0 Los precios publicados est\u00e1n [&hellip;]<\/p>\n","protected":false},"author":1,"featured_media":0,"parent":0,"menu_order":0,"comment_status":"closed","ping_status":"closed","template":"elementor_canvas","meta":{"footnotes":""},"class_list":["post-1785","page","type-page","status-publish","hentry"],"_links":{"self":[{"href":"https:\/\/cumbresantofagasta.cl\/index.php\/wp-json\/wp\/v2\/pages\/1785","targetHints":{"allow":["GET"]}}],"collection":[{"href":"https:\/\/cumbresantofagasta.cl\/index.php\/wp-json\/wp\/v2\/pages"}],"about":[{"href":"https:\/\/cumbresantofagasta.cl\/index.php\/wp-json\/wp\/v2\/types\/page"}],"author":[{"embeddable":true,"href":"https:\/\/cumbresantofagasta.cl\/index.php\/wp-json\/wp\/v2\/users\/1"}],"replies":[{"embeddable":true,"href":"https:\/\/cumbresantofagasta.cl\/index.php\/wp-json\/wp\/v2\/comments?post=1785"}],"version-history":[{"count":13,"href":"https:\/\/cumbresantofagasta.cl\/index.php\/wp-json\/wp\/v2\/pages\/1785\/revisions"}],"predecessor-version":[{"id":1844,"href":"https:\/\/cumbresantofagasta.cl\/index.php\/wp-json\/wp\/v2\/pages\/1785\/revisions\/1844"}],"wp:attachment":[{"href":"https:\/\/cumbresantofagasta.cl\/index.php\/wp-json\/wp\/v2\/media?parent=1785"}],"curies":[{"name":"wp","href":"https:\/\/api.w.org\/{rel}","templated":true}]}}